{"id":1409,"date":"2025-12-22T17:17:56","date_gmt":"2025-12-22T17:17:56","guid":{"rendered":"https:\/\/falltalk.development.learnridge.ca\/?page_id=1409"},"modified":"2026-01-28T18:27:16","modified_gmt":"2026-01-28T18:27:16","slug":"no-title","status":"publish","type":"page","link":"https:\/\/falltalk.ca\/fr\/","title":{"rendered":"Page d'accueil"},"content":{"rendered":"<p>LA PR\u00c9VENTION<\/p>\n\t<p>DES CHUTES<\/p>\n\t<p>COMMENCE AVEC VOUS<\/p>\n\t<h2 role=\"textbox\" contenteditable=\"true\" spellcheck=\"true\" data-inline-parent-cid=\"6\" data-inline-override-color=\"text_color\" data-inline-override-font-size=\"font_size\" data-inline-override-line-height=\"line_height\" data-inline-override-letter-spacing=\"letter_spacing\" data-inline-override-tag=\"size\" data-toolbar=\"full\" data-param=\"element_content\" data-medium-editor-element=\"true\" aria-multiline=\"true\" data-medium-editor-editor-index=\"3\" data-placeholder=\"Your Content Goes Here\" data-medium-focused=\"true\">Il n'est jamais trop t\u00f4t pour pr\u00e9venir une chute<\/h2>\n\t<p>Les chutes peuvent arriver \u00e0 tout le monde, mais la compr\u00e9hension de votre risque personnel est le premier pas vers la pr\u00e9vention. Pr\u00e9venir les chutes, ce n'est pas seulement \u00e9viter les blessures, c'est aussi pouvoir continuer \u00e0 profiter des plaisirs simples de la vie. Plus important encore, il s'agit de<b data-fusion-font=\"true\">\u00a0il s\u2019agit de pr\u00e9server notre ind\u00e9pendance.<\/b>.<\/p>\n\t\t\t<a href=\"https:\/\/falltalk.ca\/fr\/check-your-fall-risk\/\"  target=\"_self\">\n\t\t\t\t\t\tV\u00e9rifiez votre risque de chute maintenant\n\t\t\t\t\t<\/a>\n<figure itemscope itemtype=\"https:\/\/schema.org\/ImageObject\">\n\t\t\t\t<img decoding=\"async\" src=\"http:\/\/falltalk.ca\/wp-content\/uploads\/sites\/3\/2026\/01\/logos-french-05-e1605716815935.png\" alt=\"\" onerror=\"this.style.display='none'\" loading=\"lazy\" \/>\n\t<\/figure>\n<h1><b>\u00cates-vous \u00e0 risque de faire une chute ?<\/b><\/h1>\n<h3>R\u00e9pondez \u00e0 notre questionnaire facile en ligne pour bien comprendre vos risques<\/h3>\n<p>Compl\u00e9ter l'interactif de Trauma NB\u00a0<b>Liste de ve\u0301rification Demeurer autonome<\/b>\u00a0pour vous aider \u00e0 comprendre votre risque de chute. C'est rapide, simple et reconnu partout au Canada.<\/p>\n\t\t\t<a href=\"https:\/\/falltalk.ca\/fr\/check-your-fall-risk\/\"  target=\"_self\">\n\t\t\t\t\t\t\tV\u00e9rifiez votre risque de chute maintenant\n\t\t\t<\/a>\n<figure itemscope itemtype=\"https:\/\/schema.org\/ImageObject\">\n\t\t\t\t<img decoding=\"async\" src=\"http:\/\/falltalk.cawp-content\/uploads\/sites\/3\/2026\/01\/tnb-checklist-600x400-1.jpg\" alt=\"tnb-checklist-600x400-1\" title=\"tnb-checklist-600x400-1\" onerror=\"this.style.display='none'\" loading=\"lazy\" \/>\n\t<\/figure>\n<h1>\n\t\t\tLes chutes ne font pas partie du processus normal de vieillissement\t<\/h1>\n\t<p>Vrai ou faux ? Il est temps de <b>remettre en question les mythes communs<\/b>\u00a0sur les chutes.<\/p>\n\t\t\t\t\t\t<h3>Les chutes ne peuvent \u00eatre \u00e9vit\u00e9es.<\/h3>\t\t\t\t\t\n\t\t\t<!-- END .front -->\n\t\t\t\t\t\t\t\t\t\t<h2>C\u2019est FAUX<\/h2>\n\t\t\t\t\t\t<p>Nous pouvons pr\u00e9venir la plupart des chutes. Soyez conscient des risques et prenez des mesures pour rester ind\u00e9pendant.<\/p>\t\t\t\t\t\n\t\t\t<!-- END .back -->\n\t\t <!-- ifb-flip-box -->\n\t <!-- flip-box -->\n\t\t\t\t\t\t<h3>Je suis trop jeune pour m'inqui\u00e9ter des chutes.<\/h3>\t\t\t\t\t\n\t\t\t<!-- END .front -->\n\t\t\t\t\t\t\t\t\t\t<h2>C\u2019est FAUX<\/h2>\n\t\t\t\t\t\t<p>Les risques li\u00e9s \u00e0 l'automne peuvent survenir plus t\u00f4t que vous ne le pensez. Il n'est jamais trop t\u00f4t pour se prot\u00e9ger.<\/p>\t\t\t\t\t\n\t\t\t<!-- END .back -->\n\t\t <!-- ifb-flip-box -->\n\t <!-- flip-box -->\n\t\t\t\t\t\t<h3>Je n'ai personne vers qui me tourner pour obtenir de l'aide.<\/h3>\t\t\t\t\t\n\t\t\t<!-- END .front -->\n\t\t\t\t\t\t\t\t\t\t<h2>C\u2019est FAUX<\/h2>\n\t\t\t\t\t\t<p>Vous n'\u00eates pas seul - il existe une communaut\u00e9 de soutien au Nouveau-Brunswick.<\/p>\t\t\t\t\t\n\t\t\t<!-- END .back -->\n\t\t <!-- ifb-flip-box -->\n\t <!-- flip-box -->\n\t\t\t<a href=\"https:\/\/falltalk.ca\/fr\/check-your-fall-risk\/\"  target=\"_self\">\n\t\t\t\t\t\t\tV\u00e9rifiez votre risque de chute maintenant\n\t\t\t<\/a>\n\t<p>Votre plan pour pr\u00e9venir les chutes <b>commence ici<\/b>\u00a0<\/p>\n\t<h4>Quelques mesures simples pour vous prot\u00e9ger et soutenir votre communaut\u00e9<\/h4>\n\t\t\t\t<h4>Servez-vous de la Liste de v\u00e9rification pour rester ind\u00e9pendant<\/h4>\n\t\t\t\t<h4>Parlez \u00e0 votre prestataire de soins de sant\u00e9<\/h4>\n\t\t\t\t<h4>Tenez compte de vos facteurs de risque personnels<\/h4>\n\t\t\t\t<h4>Distribuez la liste de v\u00e9rification \u00e0 vos amis et \u00e0 votre famille<\/h4>\n\t<h2><b>Contribuez \u00e0 sensibiliser le public <\/b>pendant le Mois de la pr\u00e9vention des chutes<\/h2>\n\t<h4>Que ce soit pour vous, un proche ou votre communaut\u00e9, nous jouons tous un r\u00f4le dans la pr\u00e9vention des chutes.<\/h4>\n\t\t\t <p>Imprimez et affichez l\u2019affiche de la campagne dans votre communaut\u00e9.<\/p>\t\t\n\t\t\t <p>Partagez des ressources sur la pr\u00e9vention des chutes sur vos r\u00e9seaux sociaux.<\/p>\n\t\t\t <p>Donnez la Liste de v\u00e9rification pour rester ind\u00e9pendant \u00e0 un membre de la famille.<\/p>\t\t\n\t\t\t<a href=\"https:\/\/falltalk.ca\/fr\/resource-hub\/\"  target=\"_self\">\n\t\t\t\t\t\tExplorez notre Centre de ressources\n\t\t\t\t\t<\/a>\n<figure itemscope itemtype=\"https:\/\/schema.org\/ImageObject\">\n\t\t\t\t<img decoding=\"async\" src=\"http:\/\/falltalk.cawp-content\/uploads\/sites\/3\/2024\/11\/grandmother-and-child-playing-ping-pong-675px.jpg\" alt=\"grandmother-and-child-playing-ping-pong-675px\" title=\"grand-m\u00e8re et enfant jouant au ping-pong-675px\" onerror=\"this.style.display='none'\" loading=\"lazy\" \/>\n\t<\/figure>\n\t<h1>Continuez \u00e0 profiter des <b>moments qui comptent\u00a0<\/b><\/h1>\n\t<h4>Lorsqu\u2019on vieillit, la pr\u00e9vention des chutes devient plus importante que jamais. Quelques petits changements aujourd\u2019hui vous assureront <b>un avenir plus s\u00fbr et plus ind\u00e9pendant.<\/b><\/h4>\n\t\t\n\t\t\t<h4>Au Nouveau-Brunswick, on compte en moyenne\u00a0<b>8 admissions \u00e0 l\u2019h\u00f4pital chaque jour<\/b>\u00a0de personnes \u00e2g\u00e9es en raison de blessures li\u00e9es aux chutes.<\/h4>\n\t\t\n\t\t\t<h4>Les chutes sont\u00a0<strong>la principale cause de blessures<\/strong>\u00a0et d\u2019hospitalisation chez les adultes canadiens \u00e2g\u00e9s.<\/h4>\n\t\t\n\t\t\t<h4>Environ\u00a0<strong><u>1<\/u>\u00a01 adulte sur 3,<\/strong>\u00a0\u00e2g\u00e9 de 65 ans ou plus et vivant \u00e0 domicile, tombera au moins une fois par an.<\/h4>\n\t\t\t<a href=\"https:\/\/falltalk.ca\/fr\/check-your-fall-risk\/\"  target=\"_self\">\n\t\t\t\t\t\t\tV\u00e9rifiez votre risque de chute maintenant\n\t\t\t<\/a>\n\t<h3>D\u00e9couvrez d'autres ressources sur Trouver l'\u00e9quilibre NB\u00a0<\/h3>\n\t<h4>Restez autonome. Pr\u00e9venez les chutes.<\/h4>\n\t<p>Le site Trouver l\u2019\u00e9quilibre NB est un centre int\u00e9gral de ressources destin\u00e9 \u00e0 aider les personnes \u00e2g\u00e9es, les membres de la famille et les prestataires de soins de sant\u00e9 \u00e0 pr\u00e9venir les chutes et les blessures li\u00e9es aux chutes.<\/p>\n\t\t\t<a href=\"https:\/\/findingbalancenb.ca\/\"  target=\"_self\">\n\t\t\t\t\t\tVisitez Trouver l\u2019\u00e9quilibre NB\n\t\t\t\t\t<\/a>\n<figure itemscope itemtype=\"https:\/\/schema.org\/ImageObject\">\n\t\t\t\t<img decoding=\"async\" src=\"http:\/\/falltalk.ca\/wp-content\/uploads\/sites\/3\/2026\/01\/logos-french-05-e1605716815935.png\" alt=\"\" onerror=\"this.style.display='none'\" loading=\"lazy\" \/>\n\t<\/figure>\n<figure itemscope itemtype=\"https:\/\/schema.org\/ImageObject\">\n\t\t\t\t<a href=\"https:\/\/nbtrauma.ca\/\"  target=\"_blank\" rel=\"noopener\"  itemprop=\"url\">\n\t\t\t\t<img decoding=\"async\" src=\"http:\/\/falltalk.cawp-content\/uploads\/sites\/3\/2021\/10\/traumaNB.png\" alt=\"traumaNB\" title=\"traumaNB\" onerror=\"this.style.display='none'\" loading=\"lazy\" \/>\n\t\t\t\t<\/a>\n\t<\/figure>\n\t<h5>Trauma NB est fier d\u2019accueillir et de soutenir Trouver l\u2019\u00e9quilibre N.-B. en tant qu\u2019organisme provincial responsable de la pr\u00e9vention des blessures dans tout le Nouveau-Brunswick. Trauma NB assure \u00e9galement la direction et la coordination des soins cliniques, de l\u2019\u00e9ducation et de la recherche li\u00e9s aux blessures graves et critiques dans la province.<\/h5>\n\t\t\t<a href=\"https:\/\/nbtrauma.ca\/\"  target=\"_blank\" rel=\"noopener\">\n\t\t\t\t\t\t\tTrauma NB\n\t\t\t\t\t<\/a>","protected":false},"excerpt":{"rendered":"<p>LA PR\u00c9VENTION DES CHUTES COMMENCE PAR VOUS Il n'est jamais trop t\u00f4t pour pr\u00e9venir une chute Les chutes peuvent arriver \u00e0 tout le monde, mais la compr\u00e9hension de votre risque personnel est la premi\u00e8re \u00e9tape de la pr\u00e9vention. Pr\u00e9venir les chutes, ce n'est pas seulement \u00e9viter les blessures, c'est aussi pouvoir continuer \u00e0 profiter des plaisirs simples de la vie. Plus important encore, il s'agit de pr\u00e9server l'ind\u00e9pendance. V\u00e9rifiez votre risque de chute maintenant \u00cates-vous ... <a title=\"Page d&#039;accueil\" class=\"read-more\" href=\"https:\/\/falltalk.ca\/fr\/\" aria-label=\"En savoir plus sur la page d&#039;accueil\">En savoir plus<\/a><\/p>","protected":false},"author":2,"featured_media":0,"parent":0,"menu_order":0,"comment_status":"closed","ping_status":"closed","template":"","meta":{"footnotes":""},"class_list":["post-1409","page","type-page","status-publish"],"_links":{"self":[{"href":"https:\/\/falltalk.ca\/fr\/wp-json\/wp\/v2\/pages\/1409","targetHints":{"allow":["GET"]}}],"collection":[{"href":"https:\/\/falltalk.ca\/fr\/wp-json\/wp\/v2\/pages"}],"about":[{"href":"https:\/\/falltalk.ca\/fr\/wp-json\/wp\/v2\/types\/page"}],"author":[{"embeddable":true,"href":"https:\/\/falltalk.ca\/fr\/wp-json\/wp\/v2\/users\/2"}],"replies":[{"embeddable":true,"href":"https:\/\/falltalk.ca\/fr\/wp-json\/wp\/v2\/comments?post=1409"}],"version-history":[{"count":34,"href":"https:\/\/falltalk.ca\/fr\/wp-json\/wp\/v2\/pages\/1409\/revisions"}],"predecessor-version":[{"id":1522,"href":"https:\/\/falltalk.ca\/fr\/wp-json\/wp\/v2\/pages\/1409\/revisions\/1522"}],"wp:attachment":[{"href":"https:\/\/falltalk.ca\/fr\/wp-json\/wp\/v2\/media?parent=1409"}],"curies":[{"name":"wp","href":"https:\/\/api.w.org\/{rel}","templated":true}]}}