{"id":1492,"date":"2026-01-07T13:43:32","date_gmt":"2026-01-07T13:43:32","guid":{"rendered":"https:\/\/falltalk.development.learnridge.ca\/?page_id=1492"},"modified":"2026-01-28T18:34:35","modified_gmt":"2026-01-28T18:34:35","slug":"check-your-fall-risk","status":"publish","type":"page","link":"https:\/\/falltalk.ca\/fr\/check-your-fall-risk\/","title":{"rendered":"V\u00e9rifiez votre risque de chute"},"content":{"rendered":"<h1>\n\t\t\tWhat&#8217;s your fall risk?\t<\/h1>\nPour vous aider \u00e0 d\u00e9terminer votre risque de chute, vous devriez consulter votre prestataire de soins primaires au moins une fois par an.\n<p>Avant votre visite, remplissez le\u00a0<strong>Liste de ve\u0301rification Demeurer autonome<\/strong>\u00a0pour \u00e9valuer votre propre risque.<\/p>\n<h2 data-fontsize=\"35\" data-lineheight=\"38.5px\"><b>Get\u00a0started now<\/b><\/h2>\n<p>Just answer 12 quick questions with &#8220;Yes&#8221; or &#8220;No.&#8221;<\/p>\n<p><i>Your responses are anonymous-no personal data is stored or recorded.<\/i><\/p>\n<figure itemscope itemtype=\"https:\/\/schema.org\/ImageObject\">\n\t\t\t\t<img decoding=\"async\" src=\"http:\/\/falltalk.ca\/wp-content\/uploads\/sites\/3\/2025\/10\/Liste-de-verification-demeurer-autonome-TraumaNB-FR-preview.jpg\" alt=\"Staying-Independent-TraumaNB-EN-preview\" title=\"Rester ind\u00e9pendant - TraumaNB-FR-preview\" onerror=\"this.style.display='none'\" loading=\"lazy\" \/>\n\t<\/figure>\n<h3>T\u00e9l\u00e9charger la liste de contr\u00f4le \"Rester ind\u00e9pendant\" (en anglais)<\/h3>\n<p>Apportez cette liste de contr\u00f4le d'autod\u00e9pistage \u00e0 votre prestataire de soins primaires pour guider la discussion sur vos facteurs de risque personnels.<\/p>\n\t\t\t<a href=\"http:\/\/falltalk.ca\/wp-content\/uploads\/sites\/3\/2023\/12\/Staying-Independent-Checklist-French-Copy.pdf\"  target=\"_self\"  download>\n\t\t\t\t\t\tT\u00e9l\u00e9charger la version PDF\n\t\t\t\t\t<\/a>","protected":false},"excerpt":{"rendered":"<p>What&#8217;s your fall risk? To help determine your risk of falling, you should consult your primary care provider at least once a year. Before your visit, complete the\u00a0Staying Independent Checklist\u00a0to assess your own risk. Get\u00a0started now Just answer 12 quick questions with &#8220;Yes&#8221; or &#8220;No.&#8221; Your responses are anonymous-no personal data is stored or recorded. &#8230; <a title=\"V\u00e9rifiez votre risque de chute\" class=\"read-more\" href=\"https:\/\/falltalk.ca\/fr\/check-your-fall-risk\/\" aria-label=\"Read more about Check your fall risk\">En savoir plus<\/a><\/p>","protected":false},"author":2,"featured_media":0,"parent":0,"menu_order":0,"comment_status":"closed","ping_status":"closed","template":"","meta":{"footnotes":""},"class_list":["post-1492","page","type-page","status-publish"],"_links":{"self":[{"href":"https:\/\/falltalk.ca\/fr\/wp-json\/wp\/v2\/pages\/1492","targetHints":{"allow":["GET"]}}],"collection":[{"href":"https:\/\/falltalk.ca\/fr\/wp-json\/wp\/v2\/pages"}],"about":[{"href":"https:\/\/falltalk.ca\/fr\/wp-json\/wp\/v2\/types\/page"}],"author":[{"embeddable":true,"href":"https:\/\/falltalk.ca\/fr\/wp-json\/wp\/v2\/users\/2"}],"replies":[{"embeddable":true,"href":"https:\/\/falltalk.ca\/fr\/wp-json\/wp\/v2\/comments?post=1492"}],"version-history":[{"count":9,"href":"https:\/\/falltalk.ca\/fr\/wp-json\/wp\/v2\/pages\/1492\/revisions"}],"predecessor-version":[{"id":1523,"href":"https:\/\/falltalk.ca\/fr\/wp-json\/wp\/v2\/pages\/1492\/revisions\/1523"}],"wp:attachment":[{"href":"https:\/\/falltalk.ca\/fr\/wp-json\/wp\/v2\/media?parent=1492"}],"curies":[{"name":"wp","href":"https:\/\/api.w.org\/{rel}","templated":true}]}}